{"id":26,"date":"2025-06-27T11:41:06","date_gmt":"2025-06-27T11:41:06","guid":{"rendered":"http:\/\/jardinsjacqueline.com\/?page_id=26"},"modified":"2025-11-27T11:51:18","modified_gmt":"2025-11-27T11:51:18","slug":"accueil","status":"publish","type":"page","link":"http:\/\/jardinsjacqueline.com\/","title":{"rendered":"Accueil"},"content":{"rendered":"\t\t<div data-elementor-type=\"wp-page\" data-elementor-id=\"26\" class=\"elementor elementor-26\">\n\t\t\t\t<div class=\"elementor-element elementor-element-56b49b4 e-flex e-con-boxed e-con e-parent\" data-id=\"56b49b4\" data-element_type=\"container\" data-e-type=\"container\">\n\t\t\t\t\t<div class=\"e-con-inner\">\n\t\t\t\t<div class=\"elementor-element elementor-element-67a664d elementor-widget elementor-widget-heading\" data-id=\"67a664d\" data-element_type=\"widget\" data-e-type=\"widget\" data-widget_type=\"heading.default\">\n\t\t\t\t<div class=\"elementor-widget-container\">\n\t\t\t\t\t<h2 class=\"elementor-heading-title elementor-size-default\">Bienvenue chez Jardins Jacqueline. <br><br>Mes services :<\/h2>\t\t\t\t<\/div>\n\t\t\t\t<\/div>\n\t\t\t\t\t<\/div>\n\t\t\t\t<\/div>\n\t\t<div class=\"elementor-element elementor-element-b41c453 e-flex e-con-boxed e-con e-parent\" data-id=\"b41c453\" data-element_type=\"container\" data-e-type=\"container\">\n\t\t\t\t\t<div class=\"e-con-inner\">\n\t\t<div class=\"elementor-element elementor-element-3c6538a e-con-full e-flex e-con e-child\" data-id=\"3c6538a\" data-element_type=\"container\" data-e-type=\"container\">\n\t\t\t\t<div class=\"elementor-element elementor-element-b74b503 elementor-widget elementor-widget-image\" data-id=\"b74b503\" data-element_type=\"widget\" data-e-type=\"widget\" data-widget_type=\"image.default\">\n\t\t\t\t<div class=\"elementor-widget-container\">\n\t\t\t\t\t\t\t\t\t\t\t\t\t\t\t<img fetchpriority=\"high\" decoding=\"async\" width=\"681\" height=\"1024\" src=\"http:\/\/jardinsjacqueline.com\/wp-content\/uploads\/2025\/06\/2025-06-19-Shooting-inspiration-Manoir-Equivocal-Ana-lle-Pelletier-9-681x1024.jpg\" class=\"attachment-large size-large wp-image-74\" alt=\"\" srcset=\"http:\/\/jardinsjacqueline.com\/wp-content\/uploads\/2025\/06\/2025-06-19-Shooting-inspiration-Manoir-Equivocal-Ana-lle-Pelletier-9-681x1024.jpg 681w, http:\/\/jardinsjacqueline.com\/wp-content\/uploads\/2025\/06\/2025-06-19-Shooting-inspiration-Manoir-Equivocal-Ana-lle-Pelletier-9-200x300.jpg 200w, http:\/\/jardinsjacqueline.com\/wp-content\/uploads\/2025\/06\/2025-06-19-Shooting-inspiration-Manoir-Equivocal-Ana-lle-Pelletier-9-768x1154.jpg 768w, http:\/\/jardinsjacqueline.com\/wp-content\/uploads\/2025\/06\/2025-06-19-Shooting-inspiration-Manoir-Equivocal-Ana-lle-Pelletier-9-1022x1536.jpg 1022w, http:\/\/jardinsjacqueline.com\/wp-content\/uploads\/2025\/06\/2025-06-19-Shooting-inspiration-Manoir-Equivocal-Ana-lle-Pelletier-9-1363x2048.jpg 1363w, http:\/\/jardinsjacqueline.com\/wp-content\/uploads\/2025\/06\/2025-06-19-Shooting-inspiration-Manoir-Equivocal-Ana-lle-Pelletier-9-scaled.jpg 1703w\" sizes=\"(max-width: 681px) 100vw, 681px\" \/>\t\t\t\t\t\t\t\t\t\t\t\t\t\t\t<\/div>\n\t\t\t\t<\/div>\n\t\t\t\t<\/div>\n\t\t<div class=\"elementor-element elementor-element-26e489f e-con-full e-flex e-con e-child\" data-id=\"26e489f\" data-element_type=\"container\" data-e-type=\"container\">\n\t\t\t\t<div class=\"elementor-element elementor-element-f463e5f elementor-widget elementor-widget-image\" data-id=\"f463e5f\" data-element_type=\"widget\" data-e-type=\"widget\" data-widget_type=\"image.default\">\n\t\t\t\t<div class=\"elementor-widget-container\">\n\t\t\t\t\t\t\t\t\t\t\t\t\t\t\t<img decoding=\"async\" width=\"683\" height=\"1024\" src=\"http:\/\/jardinsjacqueline.com\/wp-content\/uploads\/2025\/06\/0861_charline-alexis-castelfiorentino-wedding_2025-06-07-683x1024.jpg\" class=\"attachment-large size-large wp-image-75\" alt=\"\" srcset=\"http:\/\/jardinsjacqueline.com\/wp-content\/uploads\/2025\/06\/0861_charline-alexis-castelfiorentino-wedding_2025-06-07-683x1024.jpg 683w, http:\/\/jardinsjacqueline.com\/wp-content\/uploads\/2025\/06\/0861_charline-alexis-castelfiorentino-wedding_2025-06-07-200x300.jpg 200w, http:\/\/jardinsjacqueline.com\/wp-content\/uploads\/2025\/06\/0861_charline-alexis-castelfiorentino-wedding_2025-06-07-768x1152.jpg 768w, http:\/\/jardinsjacqueline.com\/wp-content\/uploads\/2025\/06\/0861_charline-alexis-castelfiorentino-wedding_2025-06-07-1024x1536.jpg 1024w, http:\/\/jardinsjacqueline.com\/wp-content\/uploads\/2025\/06\/0861_charline-alexis-castelfiorentino-wedding_2025-06-07-1365x2048.jpg 1365w, http:\/\/jardinsjacqueline.com\/wp-content\/uploads\/2025\/06\/0861_charline-alexis-castelfiorentino-wedding_2025-06-07-scaled.jpg 1706w\" sizes=\"(max-width: 683px) 100vw, 683px\" \/>\t\t\t\t\t\t\t\t\t\t\t\t\t\t\t<\/div>\n\t\t\t\t<\/div>\n\t\t\t\t<\/div>\n\t\t<div class=\"elementor-element elementor-element-0372311 e-con-full e-flex e-con e-child\" data-id=\"0372311\" data-element_type=\"container\" data-e-type=\"container\">\n\t\t\t\t<div class=\"elementor-element elementor-element-79899c3 elementor-widget__width-initial elementor-widget elementor-widget-image\" data-id=\"79899c3\" data-element_type=\"widget\" data-e-type=\"widget\" data-widget_type=\"image.default\">\n\t\t\t\t<div class=\"elementor-widget-container\">\n\t\t\t\t\t\t\t\t\t\t\t\t\t\t\t<img decoding=\"async\" width=\"683\" height=\"1024\" src=\"http:\/\/jardinsjacqueline.com\/wp-content\/uploads\/2025\/06\/2025-06-19-Shooting-inspiration-Manoir-Equivocal-Ana-lle-Pelletier-131-683x1024.jpg\" class=\"attachment-large size-large wp-image-73\" alt=\"\" srcset=\"http:\/\/jardinsjacqueline.com\/wp-content\/uploads\/2025\/06\/2025-06-19-Shooting-inspiration-Manoir-Equivocal-Ana-lle-Pelletier-131-683x1024.jpg 683w, http:\/\/jardinsjacqueline.com\/wp-content\/uploads\/2025\/06\/2025-06-19-Shooting-inspiration-Manoir-Equivocal-Ana-lle-Pelletier-131-200x300.jpg 200w, http:\/\/jardinsjacqueline.com\/wp-content\/uploads\/2025\/06\/2025-06-19-Shooting-inspiration-Manoir-Equivocal-Ana-lle-Pelletier-131-768x1152.jpg 768w, http:\/\/jardinsjacqueline.com\/wp-content\/uploads\/2025\/06\/2025-06-19-Shooting-inspiration-Manoir-Equivocal-Ana-lle-Pelletier-131-1024x1536.jpg 1024w, http:\/\/jardinsjacqueline.com\/wp-content\/uploads\/2025\/06\/2025-06-19-Shooting-inspiration-Manoir-Equivocal-Ana-lle-Pelletier-131-1365x2048.jpg 1365w, http:\/\/jardinsjacqueline.com\/wp-content\/uploads\/2025\/06\/2025-06-19-Shooting-inspiration-Manoir-Equivocal-Ana-lle-Pelletier-131-scaled.jpg 1707w\" sizes=\"(max-width: 683px) 100vw, 683px\" \/>\t\t\t\t\t\t\t\t\t\t\t\t\t\t\t<\/div>\n\t\t\t\t<\/div>\n\t\t\t\t<\/div>\n\t\t<div class=\"elementor-element elementor-element-6438f11 e-con-full e-flex e-con e-child\" data-id=\"6438f11\" data-element_type=\"container\" data-e-type=\"container\">\n\t\t\t\t<div class=\"elementor-element elementor-element-332c6aa elementor-widget elementor-widget-image\" data-id=\"332c6aa\" data-element_type=\"widget\" data-e-type=\"widget\" data-widget_type=\"image.default\">\n\t\t\t\t<div class=\"elementor-widget-container\">\n\t\t\t\t\t\t\t\t\t\t\t\t\t\t\t<img loading=\"lazy\" decoding=\"async\" width=\"681\" height=\"1024\" src=\"http:\/\/jardinsjacqueline.com\/wp-content\/uploads\/2025\/06\/2025-06-19-Shooting-inspiration-Manoir-Equivocal-Ana-lle-Pelletier-183-681x1024.jpg\" class=\"attachment-large size-large wp-image-72\" alt=\"\" srcset=\"http:\/\/jardinsjacqueline.com\/wp-content\/uploads\/2025\/06\/2025-06-19-Shooting-inspiration-Manoir-Equivocal-Ana-lle-Pelletier-183-681x1024.jpg 681w, http:\/\/jardinsjacqueline.com\/wp-content\/uploads\/2025\/06\/2025-06-19-Shooting-inspiration-Manoir-Equivocal-Ana-lle-Pelletier-183-200x300.jpg 200w, http:\/\/jardinsjacqueline.com\/wp-content\/uploads\/2025\/06\/2025-06-19-Shooting-inspiration-Manoir-Equivocal-Ana-lle-Pelletier-183-768x1154.jpg 768w, http:\/\/jardinsjacqueline.com\/wp-content\/uploads\/2025\/06\/2025-06-19-Shooting-inspiration-Manoir-Equivocal-Ana-lle-Pelletier-183-1022x1536.jpg 1022w, http:\/\/jardinsjacqueline.com\/wp-content\/uploads\/2025\/06\/2025-06-19-Shooting-inspiration-Manoir-Equivocal-Ana-lle-Pelletier-183-1363x2048.jpg 1363w, http:\/\/jardinsjacqueline.com\/wp-content\/uploads\/2025\/06\/2025-06-19-Shooting-inspiration-Manoir-Equivocal-Ana-lle-Pelletier-183-scaled.jpg 1703w\" sizes=\"(max-width: 681px) 100vw, 681px\" \/>\t\t\t\t\t\t\t\t\t\t\t\t\t\t\t<\/div>\n\t\t\t\t<\/div>\n\t\t\t\t<\/div>\n\t\t\t\t\t<\/div>\n\t\t\t\t<\/div>\n\t\t<div class=\"elementor-element elementor-element-0589e90 e-flex e-con-boxed e-con e-parent\" data-id=\"0589e90\" data-element_type=\"container\" data-e-type=\"container\">\n\t\t\t\t\t<div class=\"e-con-inner\">\n\t\t<div class=\"elementor-element elementor-element-a310711 e-con-full e-flex e-con e-child\" data-id=\"a310711\" data-element_type=\"container\" data-e-type=\"container\">\n\t\t\t\t<div class=\"elementor-element elementor-element-ae18465 elementor-align-right elementor-mobile-align-center elementor-widget elementor-widget-button\" data-id=\"ae18465\" data-element_type=\"widget\" data-e-type=\"widget\" data-widget_type=\"button.default\">\n\t\t\t\t<div class=\"elementor-widget-container\">\n\t\t\t\t\t\t\t\t\t<div class=\"elementor-button-wrapper\">\n\t\t\t\t\t<a class=\"elementor-button elementor-button-link elementor-size-sm\" href=\"http:\/\/jardinsjacqueline.com\/index.php\/creations-papeterie-signaletique\/\">\n\t\t\t\t\t\t<span class=\"elementor-button-content-wrapper\">\n\t\t\t\t\t\t\t\t\t<span class=\"elementor-button-text\">Cr\u00e9ation<\/span>\n\t\t\t\t\t<\/span>\n\t\t\t\t\t<\/a>\n\t\t\t\t<\/div>\n\t\t\t\t\t\t\t\t<\/div>\n\t\t\t\t<\/div>\n\t\t\t\t<\/div>\n\t\t<div class=\"elementor-element elementor-element-df257ef e-con-full e-flex e-con e-child\" data-id=\"df257ef\" data-element_type=\"container\" data-e-type=\"container\">\n\t\t\t\t<div class=\"elementor-element elementor-element-b9c08a1 elementor-align-right elementor-widget__width-initial elementor-widget elementor-widget-button\" data-id=\"b9c08a1\" data-element_type=\"widget\" data-e-type=\"widget\" data-widget_type=\"button.default\">\n\t\t\t\t<div class=\"elementor-widget-container\">\n\t\t\t\t\t\t\t\t\t<div class=\"elementor-button-wrapper\">\n\t\t\t\t\t<a class=\"elementor-button elementor-button-link elementor-size-sm\" href=\"http:\/\/jardinsjacqueline.com\/index.php\/decoration-cle-en-main\/\">\n\t\t\t\t\t\t<span class=\"elementor-button-content-wrapper\">\n\t\t\t\t\t\t\t\t\t<span class=\"elementor-button-text\">D\u00e9coration<\/span>\n\t\t\t\t\t<\/span>\n\t\t\t\t\t<\/a>\n\t\t\t\t<\/div>\n\t\t\t\t\t\t\t\t<\/div>\n\t\t\t\t<\/div>\n\t\t\t\t<\/div>\n\t\t<div class=\"elementor-element elementor-element-6c551a2 e-con-full e-flex e-con e-child\" data-id=\"6c551a2\" data-element_type=\"container\" data-e-type=\"container\">\n\t\t\t\t<div class=\"elementor-element elementor-element-e0bc995 elementor-align-left elementor-widget elementor-widget-button\" data-id=\"e0bc995\" data-element_type=\"widget\" data-e-type=\"widget\" data-widget_type=\"button.default\">\n\t\t\t\t<div class=\"elementor-widget-container\">\n\t\t\t\t\t\t\t\t\t<div class=\"elementor-button-wrapper\">\n\t\t\t\t\t<a class=\"elementor-button elementor-button-link elementor-size-sm\" href=\"http:\/\/jardinsjacqueline.com\/index.php\/location-2\/\">\n\t\t\t\t\t\t<span class=\"elementor-button-content-wrapper\">\n\t\t\t\t\t\t\t\t\t<span class=\"elementor-button-text\">Location<\/span>\n\t\t\t\t\t<\/span>\n\t\t\t\t\t<\/a>\n\t\t\t\t<\/div>\n\t\t\t\t\t\t\t\t<\/div>\n\t\t\t\t<\/div>\n\t\t\t\t<\/div>\n\t\t<div class=\"elementor-element elementor-element-89a6dc7 e-con-full e-flex e-con e-child\" data-id=\"89a6dc7\" data-element_type=\"container\" data-e-type=\"container\">\n\t\t\t\t<div class=\"elementor-element elementor-element-cebf333 elementor-align-left elementor-widget elementor-widget-button\" data-id=\"cebf333\" data-element_type=\"widget\" data-e-type=\"widget\" data-widget_type=\"button.default\">\n\t\t\t\t<div class=\"elementor-widget-container\">\n\t\t\t\t\t\t\t\t\t<div class=\"elementor-button-wrapper\">\n\t\t\t\t\t<a class=\"elementor-button elementor-button-link elementor-size-sm\" href=\"http:\/\/jardinsjacqueline.com\/index.php\/coordination-du-jour-j\/\">\n\t\t\t\t\t\t<span class=\"elementor-button-content-wrapper\">\n\t\t\t\t\t\t\t\t\t<span class=\"elementor-button-text\">Coordination<\/span>\n\t\t\t\t\t<\/span>\n\t\t\t\t\t<\/a>\n\t\t\t\t<\/div>\n\t\t\t\t\t\t\t\t<\/div>\n\t\t\t\t<\/div>\n\t\t\t\t<\/div>\n\t\t\t\t\t<\/div>\n\t\t\t\t<\/div>\n\t\t\t\t<\/div>\n\t\t","protected":false},"excerpt":{"rendered":"<p>Bienvenue chez Jardins Jacqueline. Mes services : Cr\u00e9ation D\u00e9coration Location Coordination<\/p>\n","protected":false},"author":1,"featured_media":0,"parent":0,"menu_order":0,"comment_status":"closed","ping_status":"closed","template":"elementor_header_footer","meta":{"ocean_post_layout":"","ocean_both_sidebars_style":"","ocean_both_sidebars_content_width":0,"ocean_both_sidebars_sidebars_width":0,"ocean_sidebar":"","ocean_second_sidebar":"","ocean_disable_margins":"enable","ocean_add_body_class":"","ocean_shortcode_before_top_bar":"","ocean_shortcode_after_top_bar":"","ocean_shortcode_before_header":"","ocean_shortcode_after_header":"","ocean_has_shortcode":"","ocean_shortcode_after_title":"","ocean_shortcode_before_footer_widgets":"","ocean_shortcode_after_footer_widgets":"","ocean_shortcode_before_footer_bottom":"","ocean_shortcode_after_footer_bottom":"","ocean_display_top_bar":"default","ocean_display_header":"default","ocean_header_style":"","ocean_center_header_left_menu":"","ocean_custom_header_template":"","ocean_custom_logo":0,"ocean_custom_retina_logo":0,"ocean_custom_logo_max_width":0,"ocean_custom_logo_tablet_max_width":0,"ocean_custom_logo_mobile_max_width":0,"ocean_custom_logo_max_height":0,"ocean_custom_logo_tablet_max_height":0,"ocean_custom_logo_mobile_max_height":0,"ocean_header_custom_menu":"","ocean_menu_typo_font_family":"","ocean_menu_typo_font_subset":"","ocean_menu_typo_font_size":0,"ocean_menu_typo_font_size_tablet":0,"ocean_menu_typo_font_size_mobile":0,"ocean_menu_typo_font_size_unit":"px","ocean_menu_typo_font_weight":"","ocean_menu_typo_font_weight_tablet":"","ocean_menu_typo_font_weight_mobile":"","ocean_menu_typo_transform":"","ocean_menu_typo_transform_tablet":"","ocean_menu_typo_transform_mobile":"","ocean_menu_typo_line_height":0,"ocean_menu_typo_line_height_tablet":0,"ocean_menu_typo_line_height_mobile":0,"ocean_menu_typo_line_height_unit":"","ocean_menu_typo_spacing":0,"ocean_menu_typo_spacing_tablet":0,"ocean_menu_typo_spacing_mobile":0,"ocean_menu_typo_spacing_unit":"","ocean_menu_link_color":"","ocean_menu_link_color_hover":"","ocean_menu_link_color_active":"","ocean_menu_link_background":"","ocean_menu_link_hover_background":"","ocean_menu_link_active_background":"","ocean_menu_social_links_bg":"","ocean_menu_social_hover_links_bg":"","ocean_menu_social_links_color":"","ocean_menu_social_hover_links_color":"","ocean_disable_title":"on","ocean_disable_heading":"default","ocean_post_title":"","ocean_post_subheading":"","ocean_post_title_style":"","ocean_post_title_background_color":"","ocean_post_title_background":0,"ocean_post_title_bg_image_position":"","ocean_post_title_bg_image_attachment":"","ocean_post_title_bg_image_repeat":"","ocean_post_title_bg_image_size":"","ocean_post_title_height":0,"ocean_post_title_bg_overlay":0.5,"ocean_post_title_bg_overlay_color":"","ocean_disable_breadcrumbs":"default","ocean_breadcrumbs_color":"","ocean_breadcrumbs_separator_color":"","ocean_breadcrumbs_links_color":"","ocean_breadcrumbs_links_hover_color":"","ocean_display_footer_widgets":"default","ocean_display_footer_bottom":"default","ocean_custom_footer_template":"","footnotes":""},"class_list":["post-26","page","type-page","status-publish","hentry","entry"],"yoast_head":"<!-- This site is optimized with the Yoast SEO plugin v26.0 - https:\/\/yoast.com\/wordpress\/plugins\/seo\/ -->\n<title>D\u00e9coratrice de mariage et organisatrice de mariage<\/title>\n<meta name=\"description\" content=\"Entrez dans l&#039;univers de Jardins Jacqueline, d\u00e9coratrice de mariage. Location et cr\u00e9ations de papeterie sur mesure. Je vous accompagne pour votre jour.\" \/>\n<meta name=\"robots\" content=\"index, follow, max-snippet:-1, max-image-preview:large, max-video-preview:-1\" \/>\n<link rel=\"canonical\" href=\"http:\/\/jardinsjacqueline.com\/\" \/>\n<meta property=\"og:locale\" content=\"en_US\" \/>\n<meta property=\"og:type\" content=\"article\" \/>\n<meta property=\"og:title\" content=\"D\u00e9coratrice de mariage et organisatrice de mariage\" \/>\n<meta property=\"og:description\" content=\"Entrez dans l&#039;univers de Jardins Jacqueline, d\u00e9coratrice de mariage. Location et cr\u00e9ations de papeterie sur mesure. Je vous accompagne pour votre jour.\" \/>\n<meta property=\"og:url\" content=\"http:\/\/jardinsjacqueline.com\/\" \/>\n<meta property=\"og:site_name\" content=\"Jardins Jacqueline\" \/>\n<meta property=\"article:modified_time\" content=\"2025-11-27T11:51:18+00:00\" \/>\n<meta property=\"og:image\" content=\"http:\/\/jardinsjacqueline.com\/wp-content\/uploads\/2025\/06\/2025-06-19-Shooting-inspiration-Manoir-Equivocal-Ana-lle-Pelletier-9-681x1024.jpg\" \/>\n<meta name=\"twitter:card\" content=\"summary_large_image\" \/>\n<meta name=\"twitter:label1\" content=\"Est. reading time\" \/>\n\t<meta name=\"twitter:data1\" content=\"1 minute\" \/>\n<script type=\"application\/ld+json\" class=\"yoast-schema-graph\">{\"@context\":\"https:\/\/schema.org\",\"@graph\":[{\"@type\":\"WebPage\",\"@id\":\"http:\/\/jardinsjacqueline.com\/\",\"url\":\"http:\/\/jardinsjacqueline.com\/\",\"name\":\"D\u00e9coratrice de mariage et organisatrice de mariage\",\"isPartOf\":{\"@id\":\"http:\/\/jardinsjacqueline.com\/#website\"},\"primaryImageOfPage\":{\"@id\":\"http:\/\/jardinsjacqueline.com\/#primaryimage\"},\"image\":{\"@id\":\"http:\/\/jardinsjacqueline.com\/#primaryimage\"},\"thumbnailUrl\":\"http:\/\/jardinsjacqueline.com\/wp-content\/uploads\/2025\/06\/2025-06-19-Shooting-inspiration-Manoir-Equivocal-Ana-lle-Pelletier-9-681x1024.jpg\",\"datePublished\":\"2025-06-27T11:41:06+00:00\",\"dateModified\":\"2025-11-27T11:51:18+00:00\",\"description\":\"Entrez dans l'univers de Jardins Jacqueline, d\u00e9coratrice de mariage. Location et cr\u00e9ations de papeterie sur mesure. Je vous accompagne pour votre jour.\",\"breadcrumb\":{\"@id\":\"http:\/\/jardinsjacqueline.com\/#breadcrumb\"},\"inLanguage\":\"en-US\",\"potentialAction\":[{\"@type\":\"ReadAction\",\"target\":[\"http:\/\/jardinsjacqueline.com\/\"]}]},{\"@type\":\"ImageObject\",\"inLanguage\":\"en-US\",\"@id\":\"http:\/\/jardinsjacqueline.com\/#primaryimage\",\"url\":\"http:\/\/jardinsjacqueline.com\/wp-content\/uploads\/2025\/06\/2025-06-19-Shooting-inspiration-Manoir-Equivocal-Ana-lle-Pelletier-9-scaled.jpg\",\"contentUrl\":\"http:\/\/jardinsjacqueline.com\/wp-content\/uploads\/2025\/06\/2025-06-19-Shooting-inspiration-Manoir-Equivocal-Ana-lle-Pelletier-9-scaled.jpg\",\"width\":1703,\"height\":2560},{\"@type\":\"BreadcrumbList\",\"@id\":\"http:\/\/jardinsjacqueline.com\/#breadcrumb\",\"itemListElement\":[{\"@type\":\"ListItem\",\"position\":1,\"name\":\"Home\",\"item\":\"http:\/\/jardinsjacqueline.com\/\"},{\"@type\":\"ListItem\",\"position\":2,\"name\":\"Accueil\"}]},{\"@type\":\"WebSite\",\"@id\":\"http:\/\/jardinsjacqueline.com\/#website\",\"url\":\"http:\/\/jardinsjacqueline.com\/\",\"name\":\"Jardins Jacqueline\",\"description\":\"Cr\u00e9atrice de vos souvenirs\",\"publisher\":{\"@id\":\"http:\/\/jardinsjacqueline.com\/#organization\"},\"potentialAction\":[{\"@type\":\"SearchAction\",\"target\":{\"@type\":\"EntryPoint\",\"urlTemplate\":\"http:\/\/jardinsjacqueline.com\/?s={search_term_string}\"},\"query-input\":{\"@type\":\"PropertyValueSpecification\",\"valueRequired\":true,\"valueName\":\"search_term_string\"}}],\"inLanguage\":\"en-US\"},{\"@type\":\"Organization\",\"@id\":\"http:\/\/jardinsjacqueline.com\/#organization\",\"name\":\"Jardins Jacqueline\",\"url\":\"http:\/\/jardinsjacqueline.com\/\",\"logo\":{\"@type\":\"ImageObject\",\"inLanguage\":\"en-US\",\"@id\":\"http:\/\/jardinsjacqueline.com\/#\/schema\/logo\/image\/\",\"url\":\"http:\/\/jardinsjacqueline.com\/wp-content\/uploads\/2025\/06\/cropped-JJ_Logo-HD.png\",\"contentUrl\":\"http:\/\/jardinsjacqueline.com\/wp-content\/uploads\/2025\/06\/cropped-JJ_Logo-HD.png\",\"width\":2265,\"height\":2281,\"caption\":\"Jardins Jacqueline\"},\"image\":{\"@id\":\"http:\/\/jardinsjacqueline.com\/#\/schema\/logo\/image\/\"}}]}<\/script>\n<!-- \/ Yoast SEO plugin. -->","yoast_head_json":{"title":"D\u00e9coratrice de mariage et organisatrice de mariage","description":"Entrez dans l'univers de Jardins Jacqueline, d\u00e9coratrice de mariage. Location et cr\u00e9ations de papeterie sur mesure. Je vous accompagne pour votre jour.","robots":{"index":"index","follow":"follow","max-snippet":"max-snippet:-1","max-image-preview":"max-image-preview:large","max-video-preview":"max-video-preview:-1"},"canonical":"http:\/\/jardinsjacqueline.com\/","og_locale":"en_US","og_type":"article","og_title":"D\u00e9coratrice de mariage et organisatrice de mariage","og_description":"Entrez dans l'univers de Jardins Jacqueline, d\u00e9coratrice de mariage. Location et cr\u00e9ations de papeterie sur mesure. Je vous accompagne pour votre jour.","og_url":"http:\/\/jardinsjacqueline.com\/","og_site_name":"Jardins Jacqueline","article_modified_time":"2025-11-27T11:51:18+00:00","og_image":[{"url":"http:\/\/jardinsjacqueline.com\/wp-content\/uploads\/2025\/06\/2025-06-19-Shooting-inspiration-Manoir-Equivocal-Ana-lle-Pelletier-9-681x1024.jpg","type":"","width":"","height":""}],"twitter_card":"summary_large_image","twitter_misc":{"Est. reading time":"1 minute"},"schema":{"@context":"https:\/\/schema.org","@graph":[{"@type":"WebPage","@id":"http:\/\/jardinsjacqueline.com\/","url":"http:\/\/jardinsjacqueline.com\/","name":"D\u00e9coratrice de mariage et organisatrice de mariage","isPartOf":{"@id":"http:\/\/jardinsjacqueline.com\/#website"},"primaryImageOfPage":{"@id":"http:\/\/jardinsjacqueline.com\/#primaryimage"},"image":{"@id":"http:\/\/jardinsjacqueline.com\/#primaryimage"},"thumbnailUrl":"http:\/\/jardinsjacqueline.com\/wp-content\/uploads\/2025\/06\/2025-06-19-Shooting-inspiration-Manoir-Equivocal-Ana-lle-Pelletier-9-681x1024.jpg","datePublished":"2025-06-27T11:41:06+00:00","dateModified":"2025-11-27T11:51:18+00:00","description":"Entrez dans l'univers de Jardins Jacqueline, d\u00e9coratrice de mariage. Location et cr\u00e9ations de papeterie sur mesure. Je vous accompagne pour votre jour.","breadcrumb":{"@id":"http:\/\/jardinsjacqueline.com\/#breadcrumb"},"inLanguage":"en-US","potentialAction":[{"@type":"ReadAction","target":["http:\/\/jardinsjacqueline.com\/"]}]},{"@type":"ImageObject","inLanguage":"en-US","@id":"http:\/\/jardinsjacqueline.com\/#primaryimage","url":"http:\/\/jardinsjacqueline.com\/wp-content\/uploads\/2025\/06\/2025-06-19-Shooting-inspiration-Manoir-Equivocal-Ana-lle-Pelletier-9-scaled.jpg","contentUrl":"http:\/\/jardinsjacqueline.com\/wp-content\/uploads\/2025\/06\/2025-06-19-Shooting-inspiration-Manoir-Equivocal-Ana-lle-Pelletier-9-scaled.jpg","width":1703,"height":2560},{"@type":"BreadcrumbList","@id":"http:\/\/jardinsjacqueline.com\/#breadcrumb","itemListElement":[{"@type":"ListItem","position":1,"name":"Home","item":"http:\/\/jardinsjacqueline.com\/"},{"@type":"ListItem","position":2,"name":"Accueil"}]},{"@type":"WebSite","@id":"http:\/\/jardinsjacqueline.com\/#website","url":"http:\/\/jardinsjacqueline.com\/","name":"Jardins Jacqueline","description":"Cr\u00e9atrice de vos souvenirs","publisher":{"@id":"http:\/\/jardinsjacqueline.com\/#organization"},"potentialAction":[{"@type":"SearchAction","target":{"@type":"EntryPoint","urlTemplate":"http:\/\/jardinsjacqueline.com\/?s={search_term_string}"},"query-input":{"@type":"PropertyValueSpecification","valueRequired":true,"valueName":"search_term_string"}}],"inLanguage":"en-US"},{"@type":"Organization","@id":"http:\/\/jardinsjacqueline.com\/#organization","name":"Jardins Jacqueline","url":"http:\/\/jardinsjacqueline.com\/","logo":{"@type":"ImageObject","inLanguage":"en-US","@id":"http:\/\/jardinsjacqueline.com\/#\/schema\/logo\/image\/","url":"http:\/\/jardinsjacqueline.com\/wp-content\/uploads\/2025\/06\/cropped-JJ_Logo-HD.png","contentUrl":"http:\/\/jardinsjacqueline.com\/wp-content\/uploads\/2025\/06\/cropped-JJ_Logo-HD.png","width":2265,"height":2281,"caption":"Jardins Jacqueline"},"image":{"@id":"http:\/\/jardinsjacqueline.com\/#\/schema\/logo\/image\/"}}]}},"_links":{"self":[{"href":"http:\/\/jardinsjacqueline.com\/index.php\/wp-json\/wp\/v2\/pages\/26","targetHints":{"allow":["GET"]}}],"collection":[{"href":"http:\/\/jardinsjacqueline.com\/index.php\/wp-json\/wp\/v2\/pages"}],"about":[{"href":"http:\/\/jardinsjacqueline.com\/index.php\/wp-json\/wp\/v2\/types\/page"}],"author":[{"embeddable":true,"href":"http:\/\/jardinsjacqueline.com\/index.php\/wp-json\/wp\/v2\/users\/1"}],"replies":[{"embeddable":true,"href":"http:\/\/jardinsjacqueline.com\/index.php\/wp-json\/wp\/v2\/comments?post=26"}],"version-history":[{"count":108,"href":"http:\/\/jardinsjacqueline.com\/index.php\/wp-json\/wp\/v2\/pages\/26\/revisions"}],"predecessor-version":[{"id":402,"href":"http:\/\/jardinsjacqueline.com\/index.php\/wp-json\/wp\/v2\/pages\/26\/revisions\/402"}],"wp:attachment":[{"href":"http:\/\/jardinsjacqueline.com\/index.php\/wp-json\/wp\/v2\/media?parent=26"}],"curies":[{"name":"wp","href":"https:\/\/api.w.org\/{rel}","templated":true}]}}